{"id":265,"date":"2023-03-09T06:58:30","date_gmt":"2023-03-09T09:58:30","guid":{"rendered":"https:\/\/foxiot.siteup.dev\/?page_id=265"},"modified":"2023-04-18T14:01:57","modified_gmt":"2023-04-18T17:01:57","slug":"contato","status":"publish","type":"page","link":"https:\/\/foxiot.siteup.dev\/es\/contato\/","title":{"rendered":"Contacto"},"content":{"rendered":"<div data-elementor-type=\"wp-page\" data-elementor-id=\"265\" class=\"elementor elementor-265\">\n\t\t\t\t\t\t<div class=\"elementor-inner\">\n\t\t\t\t<div class=\"elementor-section-wrap\">\n\t\t\t\t\t\t\t<div class=\"elementor-element elementor-element-842c7bc e-con-full e-flex e-con\" data-id=\"842c7bc\" data-element_type=\"container\" data-settings=\"{&quot;jet_parallax_layout_list&quot;:[],&quot;content_width&quot;:&quot;full&quot;,&quot;background_background&quot;:&quot;classic&quot;}\">\n\t\t<div class=\"elementor-element elementor-element-0562c27 e-con-boxed e-flex e-con\" data-id=\"0562c27\" data-element_type=\"container\" data-settings=\"{&quot;jet_parallax_layout_list&quot;:[],&quot;content_width&quot;:&quot;boxed&quot;}\">\n\t\t\t\t\t<div class=\"e-con-inner\">\n\t\t<div class=\"elementor-element elementor-element-e53902c e-con-boxed e-flex e-con\" data-id=\"e53902c\" data-element_type=\"container\" data-settings=\"{&quot;jet_parallax_layout_list&quot;:[],&quot;content_width&quot;:&quot;boxed&quot;}\">\n\t\t\t\t\t<div class=\"e-con-inner\">\n\t\t\t\t<div class=\"elementor-element elementor-element-444be14 elementor-widget__width-inherit elementor-widget elementor-widget-heading\" data-id=\"444be14\" data-element_type=\"widget\" data-widget_type=\"heading.default\">\n\t\t\t\t<div class=\"elementor-widget-container\">\n\t\t\t<h2 class=\"elementor-heading-title elementor-size-default\">Contacto<\/h2>\t\t<\/div>\n\t\t\t\t<\/div>\n\t\t\t\t\t<\/div>\n\t\t\t\t<\/div>\n\t\t<div class=\"elementor-element elementor-element-2bdbef1 e-con-boxed e-flex e-con\" data-id=\"2bdbef1\" data-element_type=\"container\" data-settings=\"{&quot;jet_parallax_layout_list&quot;:[],&quot;content_width&quot;:&quot;boxed&quot;}\">\n\t\t\t\t\t<div class=\"e-con-inner\">\n\t\t\t\t<div class=\"elementor-element elementor-element-4e4a6e4 elementor-align-right elementor-mobile-align-left elementor-widget elementor-widget-breadcrumbs\" data-id=\"4e4a6e4\" data-element_type=\"widget\" data-widget_type=\"breadcrumbs.default\">\n\t\t\t\t<div class=\"elementor-widget-container\">\n\t\t\t<p id=\"breadcrumbs\"><span><span><a href=\"https:\/\/foxiot.siteup.dev\/es\/\">Home<\/a><\/span><\/span><\/p>\t\t<\/div>\n\t\t\t\t<\/div>\n\t\t\t\t\t<\/div>\n\t\t\t\t<\/div>\n\t\t\t\t\t<\/div>\n\t\t\t\t<\/div>\n\t\t\t\t<\/div>\n\t\t<div class=\"elementor-element elementor-element-3049383 e-con-boxed e-flex e-con\" data-id=\"3049383\" data-element_type=\"container\" data-settings=\"{&quot;jet_parallax_layout_list&quot;:[],&quot;background_background&quot;:&quot;classic&quot;,&quot;content_width&quot;:&quot;boxed&quot;}\">\n\t\t\t\t\t<div class=\"e-con-inner\">\n\t\t<div class=\"elementor-element elementor-element-476ee4a e-con-full e-flex e-con\" data-id=\"476ee4a\" data-element_type=\"container\" data-settings=\"{&quot;jet_parallax_layout_list&quot;:[],&quot;content_width&quot;:&quot;full&quot;}\">\n\t\t\t\t<div class=\"elementor-element elementor-element-1f0d3ed elementor-widget elementor-widget-heading\" data-id=\"1f0d3ed\" data-element_type=\"widget\" data-widget_type=\"heading.default\">\n\t\t\t\t<div class=\"elementor-widget-container\">\n\t\t\t<h1 class=\"elementor-heading-title elementor-size-default\">Contacto<\/h1>\t\t<\/div>\n\t\t\t\t<\/div>\n\t\t\t\t<div class=\"elementor-element elementor-element-b7e095d elementor-widget__width-initial elementor-widget elementor-widget-heading\" data-id=\"b7e095d\" data-element_type=\"widget\" data-widget_type=\"heading.default\">\n\t\t\t\t<div class=\"elementor-widget-container\">\n\t\t\t<h2 class=\"elementor-heading-title elementor-size-default\">\u00bfC\u00f3mo podemos ayudarte?<\/h2>\t\t<\/div>\n\t\t\t\t<\/div>\n\t\t\t\t<div class=\"elementor-element elementor-element-f95682a elementor-widget__width-initial elementor-widget elementor-widget-text-editor\" data-id=\"f95682a\" data-element_type=\"widget\" data-widget_type=\"text-editor.default\">\n\t\t\t\t<div class=\"elementor-widget-container\">\n\t\t\t\t\t\t\t\t<div class=\"elementor-text-editor elementor-clearfix\">\n\t\t\t\t<p>Para obtener m\u00e1s informaci\u00f3n o solicitar un presupuesto, complete los datos del lado. Env\u00edelo y d\u00edganos en qu\u00e9 soluciones de Fox IoT est\u00e1 interesado.<\/p><div class=\"jsx-1241201881 status-assigned-to-wrapper\"><div class=\"jsx-1241201881 status\">\u00a0<\/div><\/div><p>Estaremos encantados de ayudarle de inmediato.<\/p>\t\t\t\t\t<\/div>\n\t\t\t\t\t\t<\/div>\n\t\t\t\t<\/div>\n\t\t<div class=\"elementor-element elementor-element-01669d4 e-con-boxed e-flex e-con\" data-id=\"01669d4\" data-element_type=\"container\" data-settings=\"{&quot;jet_parallax_layout_list&quot;:[],&quot;content_width&quot;:&quot;boxed&quot;}\">\n\t\t\t\t\t<div class=\"e-con-inner\">\n\t\t<div class=\"elementor-element elementor-element-8dd2c52 e-con-full e-flex e-con\" data-id=\"8dd2c52\" data-element_type=\"container\" data-settings=\"{&quot;content_width&quot;:&quot;full&quot;,&quot;jet_parallax_layout_list&quot;:[]}\">\n\t\t\t\t<div class=\"elementor-element elementor-element-73592ea elementor-widget__width-auto elementor-widget elementor-widget-image\" data-id=\"73592ea\" data-element_type=\"widget\" data-widget_type=\"image.default\">\n\t\t\t\t<div class=\"elementor-widget-container\">\n\t\t\t\t\t\t\t\t<div class=\"elementor-image\">\n\t\t\t\t\t\t\t\t\t\t\t\t<img decoding=\"async\" width=\"25\" height=\"26\" src=\"https:\/\/foxiot.siteup.dev\/wp-content\/uploads\/2023\/03\/Group-21130.svg\" class=\"attachment-large size-large wp-image-416\" alt=\"Group\" loading=\"lazy\" \/>\t\t\t\t\t\t\t\t\t\t\t\t\t\t<\/div>\n\t\t\t\t\t\t<\/div>\n\t\t\t\t<\/div>\n\t\t\t\t<div class=\"elementor-element elementor-element-551944d elementor-widget__width-inherit elementor-widget-mobile__width-auto elementor-widget elementor-widget-heading\" data-id=\"551944d\" data-element_type=\"widget\" data-widget_type=\"heading.default\">\n\t\t\t\t<div class=\"elementor-widget-container\">\n\t\t\t<h2 class=\"elementor-heading-title elementor-size-default\"><span style=\"font-size:14px\">\nTel\u00e9fono\n<\/span>\n<br>\n(55) 99620 2369<\/h2>\t\t<\/div>\n\t\t\t\t<\/div>\n\t\t\t\t<\/div>\n\t\t<div class=\"elementor-element elementor-element-adf18c9 e-con-boxed e-flex e-con\" data-id=\"adf18c9\" data-element_type=\"container\" data-settings=\"{&quot;jet_parallax_layout_list&quot;:[],&quot;content_width&quot;:&quot;boxed&quot;}\">\n\t\t\t\t\t<div class=\"e-con-inner\">\n\t\t\t\t<div class=\"elementor-element elementor-element-791a277 elementor-widget__width-auto elementor-widget elementor-widget-image\" data-id=\"791a277\" data-element_type=\"widget\" data-widget_type=\"image.default\">\n\t\t\t\t<div class=\"elementor-widget-container\">\n\t\t\t\t\t\t\t\t<div class=\"elementor-image\">\n\t\t\t\t\t\t\t\t\t\t\t\t<img decoding=\"async\" width=\"30\" height=\"22\" src=\"https:\/\/foxiot.siteup.dev\/wp-content\/uploads\/2023\/03\/Group-21131.svg\" class=\"attachment-large size-large wp-image-417\" alt=\"Group\" loading=\"lazy\" \/>\t\t\t\t\t\t\t\t\t\t\t\t\t\t<\/div>\n\t\t\t\t\t\t<\/div>\n\t\t\t\t<\/div>\n\t\t\t\t<div class=\"elementor-element elementor-element-7731234 elementor-widget__width-inherit elementor-widget-mobile__width-auto elementor-widget elementor-widget-heading\" data-id=\"7731234\" data-element_type=\"widget\" data-widget_type=\"heading.default\">\n\t\t\t\t<div class=\"elementor-widget-container\">\n\t\t\t<h2 class=\"elementor-heading-title elementor-size-default\"><span style=\"font-size:14px\">\nEmail\n<\/span>\n<br>\ncontato@foxiot.com.br<\/h2>\t\t<\/div>\n\t\t\t\t<\/div>\n\t\t\t\t\t<\/div>\n\t\t\t\t<\/div>\n\t\t\t\t\t<\/div>\n\t\t\t\t<\/div>\n\t\t\t\t<\/div>\n\t\t<div class=\"elementor-element elementor-element-914cec2 e-con-full e-flex e-con\" data-id=\"914cec2\" data-element_type=\"container\" data-settings=\"{&quot;content_width&quot;:&quot;full&quot;,&quot;background_background&quot;:&quot;classic&quot;,&quot;jet_parallax_layout_list&quot;:[]}\">\n\t\t\t\t<div class=\"elementor-element elementor-element-b63ff17 elementor-button-align-stretch elementor-widget elementor-widget-form\" data-id=\"b63ff17\" data-element_type=\"widget\" data-settings=\"{&quot;step_next_label&quot;:&quot;Pr\\u00f3ximo&quot;,&quot;step_previous_label&quot;:&quot;Anterior&quot;,&quot;button_width&quot;:&quot;100&quot;,&quot;step_type&quot;:&quot;number_text&quot;,&quot;step_icon_shape&quot;:&quot;circle&quot;}\" data-widget_type=\"form.default\">\n\t\t\t\t<div class=\"elementor-widget-container\">\n\t\t\t\t\t<form class=\"elementor-form\" method=\"post\" name=\"Novo formul\u00e1rio\" action=\"\">\n\t\t\t<input type=\"hidden\" name=\"post_id\" value=\"265\"\/>\n\t\t\t<input type=\"hidden\" name=\"form_id\" value=\"b63ff17\"\/>\n\t\t\t<input type=\"hidden\" name=\"referer_title\" value=\"FOX\" \/>\n\n\t\t\t\n\t\t\t<div class=\"elementor-form-fields-wrapper elementor-labels-\">\n\t\t\t\t\t\t\t\t<div class=\"elementor-field-type-text elementor-field-group elementor-column elementor-field-group-name elementor-col-100\">\n\t\t\t\t\t\t\t\t\t\t\t\t<label for=\"form-field-name\" class=\"elementor-field-label elementor-screen-only\">\n\t\t\t\t\t\t\t\tNombre\t\t\t\t\t\t\t<\/label>\n\t\t\t\t\t\t\t\t\t\t\t\t\t\t<input size=\"1\" type=\"text\" name=\"form_fields[name]\" id=\"form-field-name\" class=\"elementor-field elementor-size-sm  elementor-field-textual\" placeholder=\"Nombre\">\n\t\t\t\t\t\t\t\t\t\t\t<\/div>\n\t\t\t\t\t\t\t\t<div class=\"elementor-field-type-email elementor-field-group elementor-column elementor-field-group-email elementor-col-100 elementor-field-required\">\n\t\t\t\t\t\t\t\t\t\t\t\t<label for=\"form-field-email\" class=\"elementor-field-label elementor-screen-only\">\n\t\t\t\t\t\t\t\tEmail\t\t\t\t\t\t\t<\/label>\n\t\t\t\t\t\t\t\t\t\t\t\t\t\t<input size=\"1\" type=\"email\" name=\"form_fields[email]\" id=\"form-field-email\" class=\"elementor-field elementor-size-sm  elementor-field-textual\" placeholder=\"Email\" required=\"required\" aria-required=\"true\">\n\t\t\t\t\t\t\t\t\t\t\t<\/div>\n\t\t\t\t\t\t\t\t<div class=\"elementor-field-type-tel elementor-field-group elementor-column elementor-field-group-field_e89b215 elementor-col-100 elementor-field-required\">\n\t\t\t\t\t\t\t\t\t\t\t\t<label for=\"form-field-field_e89b215\" class=\"elementor-field-label elementor-screen-only\">\n\t\t\t\t\t\t\t\tTeefone\t\t\t\t\t\t\t<\/label>\n\t\t\t\t\t\t\t\t<input size=\"1\" type=\"tel\" name=\"form_fields[field_e89b215]\" id=\"form-field-field_e89b215\" class=\"elementor-field elementor-size-sm  elementor-field-textual\" placeholder=\"Tel\u00e9fono\" required=\"required\" aria-required=\"true\" pattern=\"[0-9()#&amp;+*-=.]+\" title=\"Solo se aceptan n\u00fameros y caracteres de tel\u00e9fono (#,-,*,etc).\">\n\n\t\t\t\t\t\t<\/div>\n\t\t\t\t\t\t\t\t<div class=\"elementor-field-type-textarea elementor-field-group elementor-column elementor-field-group-message elementor-col-100\">\n\t\t\t\t\t\t\t\t\t\t\t\t<label for=\"form-field-message\" class=\"elementor-field-label elementor-screen-only\">\n\t\t\t\t\t\t\t\tMensaje\t\t\t\t\t\t\t<\/label>\n\t\t\t\t\t\t<textarea class=\"elementor-field-textual elementor-field  elementor-size-sm\" name=\"form_fields[message]\" id=\"form-field-message\" rows=\"4\" placeholder=\"Mensaje\"><\/textarea>\t\t\t\t<\/div>\n\t\t\t\t\t\t\t\t<div class=\"elementor-field-group elementor-column elementor-field-type-submit elementor-col-100 e-form__buttons\">\n\t\t\t\t\t<button type=\"submit\" class=\"elementor-button elementor-size-sm\">\n\t\t\t\t\t\t<span >\n\t\t\t\t\t\t\t\t\t\t\t\t\t\t\t<span class=\"elementor-button-icon\">\n\t\t\t\t\t\t\t\t\t\t\t\t\t\t\t\t\t\t\t\t\t\t\t\t\t\t<\/span>\n\t\t\t\t\t\t\t\t\t\t\t\t\t\t\t\t\t\t\t\t\t\t<span class=\"elementor-button-text\">Enviar mensaje<\/span>\n\t\t\t\t\t\t\t\t\t\t\t\t\t<\/span>\n\t\t\t\t\t<\/button>\n\t\t\t\t<\/div>\n\t\t\t<\/div>\n\t\t<input type=\"hidden\" name=\"trp-form-language\" value=\"es\"\/><\/form>\n\t\t\t\t<\/div>\n\t\t\t\t<\/div>\n\t\t\t\t<\/div>\n\t\t\t\t\t<\/div>\n\t\t\t\t<\/div>\n\t\t<div class=\"elementor-element elementor-element-b6a2623 e-con-boxed e-flex e-con\" data-id=\"b6a2623\" data-element_type=\"container\" data-settings=\"{&quot;background_background&quot;:&quot;gradient&quot;,&quot;shape_divider_top&quot;:&quot;waves&quot;,&quot;jet_parallax_layout_list&quot;:[],&quot;content_width&quot;:&quot;boxed&quot;}\">\n\t\t\t\t\t<div class=\"e-con-inner\">\n\t\t\t\t<div class=\"elementor-shape elementor-shape-top\" data-negative=\"false\">\n\t\t\t<svg xmlns=\"http:\/\/www.w3.org\/2000\/svg\" viewbox=\"0 0 1000 100\" preserveaspectratio=\"none\">\n\t<path class=\"elementor-shape-fill\" d=\"M421.9,6.5c22.6-2.5,51.5,0.4,75.5,5.3c23.6,4.9,70.9,23.5,100.5,35.7c75.8,32.2,133.7,44.5,192.6,49.7\tc23.6,2.1,48.7,3.5,103.4-2.5c54.7-6,106.2-25.6,106.2-25.6V0H0v30.3c0,0,72,32.6,158.4,30.5c39.2-0.7,92.8-6.7,134-22.4\tc21.2-8.1,52.2-18.2,79.7-24.2C399.3,7.9,411.6,7.5,421.9,6.5z\"\/>\n<\/svg>\t\t<\/div>\n\t\t\t\t<div class=\"elementor-element elementor-element-f972d8f elementor-widget elementor-widget-heading\" data-id=\"f972d8f\" data-element_type=\"widget\" data-widget_type=\"heading.default\">\n\t\t\t\t<div class=\"elementor-widget-container\">\n\t\t\t<h2 class=\"elementor-heading-title elementor-size-default\">LOCALIDAD<\/h2>\t\t<\/div>\n\t\t\t\t<\/div>\n\t\t\t\t<div class=\"elementor-element elementor-element-df1d472 elementor-widget__width-initial elementor-widget elementor-widget-heading\" data-id=\"df1d472\" data-element_type=\"widget\" data-widget_type=\"heading.default\">\n\t\t\t\t<div class=\"elementor-widget-container\">\n\t\t\t<h2 class=\"elementor-heading-title elementor-size-default\">Direcci\u00f3n de Fox IoT<\/h2>\t\t<\/div>\n\t\t\t\t<\/div>\n\t\t\t\t<div class=\"elementor-element elementor-element-b636053 elementor-widget__width-initial elementor-widget elementor-widget-text-editor\" data-id=\"b636053\" data-element_type=\"widget\" data-widget_type=\"text-editor.default\">\n\t\t\t\t<div class=\"elementor-widget-container\">\n\t\t\t\t\t\t\t\t<div class=\"elementor-text-editor elementor-clearfix\">\n\t\t\t\t<p>Estamos estrat\u00e9gicamente ubicados en Av. Roraima, 1000, ED02 - Sala 23 - Camobi - CEP: 97105-900 en Santa Maria, estado de Rio Grande do Sul - Brasil<\/p><p><span style=\"color: #000000;\"><a style=\"color: #000000;\" href=\"https:\/\/www.google.com\/maps\/dir\/\/Av.+Roraima,+1000+-+Camobi+Santa+Maria+-+RS+97105-340+Brasil\/@-29.7116883,-53.7163047,17z\/data=!4m8!4m7!1m0!1m5!1m1!1s0x9503b5e76a74d453:0x199ec8e2cd8efc73!2m2!1d-53.7163047!2d-29.7116883\" target=\"_blank\" rel=\"noopener\"><span style=\"font-weight: 600;\">Haga clic aqu\u00ed<\/span><\/a><\/span> para obtener direcciones a Fox IoT<\/p>\t\t\t\t\t<\/div>\n\t\t\t\t\t\t<\/div>\n\t\t\t\t<\/div>\n\t\t\t\t<div class=\"elementor-element elementor-element-61c50ab elementor-widget elementor-widget-google_maps\" data-id=\"61c50ab\" data-element_type=\"widget\" data-widget_type=\"google_maps.default\">\n\t\t\t\t<div class=\"elementor-widget-container\">\n\t\t\t\t\t<div class=\"elementor-custom-embed\">\n\t\t\t<iframe loading=\"lazy\"\n\t\t\t\t\tsrc=\"https:\/\/maps.google.com\/maps?q=Av.%20Roraima%2C%201000&#038;t=m&#038;z=17&#038;output=embed&#038;iwloc=near\"\n\t\t\t\t\ttitle=\"Av. Roraima, 1000\"\n\t\t\t\t\taria-label=\"Av. Roraima, 1000\"\n\t\t\t><\/iframe>\n\t\t<\/div>\n\t\t\t\t<\/div>\n\t\t\t\t<\/div>\n\t\t\t\t\t<\/div>\n\t\t\t\t<\/div>\n\t\t\t\t\t\t\t\t\t<\/div>\n\t\t\t<\/div>\n\t\t\t\t\t<\/div>","protected":false},"excerpt":{"rendered":"<p>Contato contato Como podemos te ajudar? Para maiores informa\u00e7\u00f5es ou solicitar um or\u00e7amento preencha os dados ao lado. Envie e conte-nos quais s\u00e3o as solu\u00e7\u00f5es da Fox IoT voc\u00ea tem interesse. \u00a0 Teremos o prazer de atend\u00ea-lo prontamente. Telefone (55) 99620 2369 E-mail contato@foxiot.com.br localiza\u00e7\u00e3o Endere\u00e7o Fox IoT Estamos localizados estrategicamente Av. Roraima, 1000, ED02-Sala [&hellip;]<\/p>","protected":false},"author":19,"featured_media":0,"parent":0,"menu_order":0,"comment_status":"closed","ping_status":"closed","template":"","meta":[],"yoast_head":"<!-- This site is optimized with the Yoast SEO plugin v20.6 - https:\/\/yoast.com\/wordpress\/plugins\/seo\/ -->\n<title>Contato | Fox IoT<\/title>\n<meta name=\"description\" content=\"Entre em contato com a Fox IoT pelos principais canais de comunica\u00e7\u00e3o para falar com um especialista. Atendemos em hor\u00e1rio comercial.\" \/>\n<meta name=\"robots\" content=\"noindex, follow, max-snippet:-1, max-image-preview:large, max-video-preview:-1\" \/>\n<meta property=\"og:locale\" content=\"es_ES\" \/>\n<meta property=\"og:type\" content=\"article\" \/>\n<meta property=\"og:title\" content=\"Contato | Fox IoT\" \/>\n<meta property=\"og:description\" content=\"Entre em contato com a Fox IoT pelos principais canais de comunica\u00e7\u00e3o para falar com um especialista. Atendemos em hor\u00e1rio comercial.\" \/>\n<meta property=\"og:url\" content=\"https:\/\/foxiot.siteup.dev\/es\/contato\/\" \/>\n<meta property=\"og:site_name\" content=\"FOX\" \/>\n<meta property=\"article:modified_time\" content=\"2023-04-18T17:01:57+00:00\" \/>\n<meta property=\"og:image\" content=\"https:\/\/foxiot.siteup.dev\/wp-content\/uploads\/2023\/04\/fox.png\" \/>\n\t<meta property=\"og:image:width\" content=\"1407\" \/>\n\t<meta property=\"og:image:height\" content=\"776\" \/>\n\t<meta property=\"og:image:type\" content=\"image\/png\" \/>\n<meta name=\"twitter:card\" content=\"summary_large_image\" \/>\n<meta name=\"twitter:label1\" content=\"Tiempo de lectura\" \/>\n\t<meta name=\"twitter:data1\" content=\"1 minuto\" \/>\n<script type=\"application\/ld+json\" class=\"yoast-schema-graph\">{\"@context\":\"https:\/\/schema.org\",\"@graph\":[{\"@type\":\"WebPage\",\"@id\":\"https:\/\/foxiot.siteup.dev\/contato\/\",\"url\":\"https:\/\/foxiot.siteup.dev\/contato\/\",\"name\":\"Contato | Fox IoT\",\"isPartOf\":{\"@id\":\"https:\/\/foxiot.siteup.dev\/#website\"},\"datePublished\":\"2023-03-09T09:58:30+00:00\",\"dateModified\":\"2023-04-18T17:01:57+00:00\",\"description\":\"Entre em contato com a Fox IoT pelos principais canais de comunica\u00e7\u00e3o para falar com um especialista. Atendemos em hor\u00e1rio comercial.\",\"breadcrumb\":{\"@id\":\"https:\/\/foxiot.siteup.dev\/contato\/#breadcrumb\"},\"inLanguage\":\"es\",\"potentialAction\":[{\"@type\":\"ReadAction\",\"target\":[\"https:\/\/foxiot.siteup.dev\/contato\/\"]}]},{\"@type\":\"BreadcrumbList\",\"@id\":\"https:\/\/foxiot.siteup.dev\/contato\/#breadcrumb\",\"itemListElement\":[{\"@type\":\"ListItem\",\"position\":1,\"name\":\"Home\",\"item\":\"https:\/\/foxiot.siteup.dev\/\"},{\"@type\":\"ListItem\",\"position\":2,\"name\":\"Contato\"}]},{\"@type\":\"WebSite\",\"@id\":\"https:\/\/foxiot.siteup.dev\/#website\",\"url\":\"https:\/\/foxiot.siteup.dev\/\",\"name\":\"Fox Internet of Things\",\"description\":\"Internet of Things\",\"potentialAction\":[{\"@type\":\"SearchAction\",\"target\":{\"@type\":\"EntryPoint\",\"urlTemplate\":\"https:\/\/foxiot.siteup.dev\/?s={search_term_string}\"},\"query-input\":\"required name=search_term_string\"}],\"inLanguage\":\"es\"}]}<\/script>\n<!-- \/ Yoast SEO plugin. -->","yoast_head_json":{"title":"Contato | Fox IoT","description":"Entre em contato com a Fox IoT pelos principais canais de comunica\u00e7\u00e3o para falar com um especialista. Atendemos em hor\u00e1rio comercial.","robots":{"index":"noindex","follow":"follow","max-snippet":"max-snippet:-1","max-image-preview":"max-image-preview:large","max-video-preview":"max-video-preview:-1"},"og_locale":"es_ES","og_type":"article","og_title":"Contato | Fox IoT","og_description":"Entre em contato com a Fox IoT pelos principais canais de comunica\u00e7\u00e3o para falar com um especialista. Atendemos em hor\u00e1rio comercial.","og_url":"https:\/\/foxiot.siteup.dev\/es\/contato\/","og_site_name":"FOX","article_modified_time":"2023-04-18T17:01:57+00:00","og_image":[{"width":1407,"height":776,"url":"https:\/\/foxiot.siteup.dev\/wp-content\/uploads\/2023\/04\/fox.png","type":"image\/png"}],"twitter_card":"summary_large_image","twitter_misc":{"Tiempo de lectura":"1 minuto"},"schema":{"@context":"https:\/\/schema.org","@graph":[{"@type":"WebPage","@id":"https:\/\/foxiot.siteup.dev\/contato\/","url":"https:\/\/foxiot.siteup.dev\/contato\/","name":"Contato | Fox IoT","isPartOf":{"@id":"https:\/\/foxiot.siteup.dev\/#website"},"datePublished":"2023-03-09T09:58:30+00:00","dateModified":"2023-04-18T17:01:57+00:00","description":"Entre em contato com a Fox IoT pelos principais canais de comunica\u00e7\u00e3o para falar com um especialista. Atendemos em hor\u00e1rio comercial.","breadcrumb":{"@id":"https:\/\/foxiot.siteup.dev\/contato\/#breadcrumb"},"inLanguage":"es","potentialAction":[{"@type":"ReadAction","target":["https:\/\/foxiot.siteup.dev\/contato\/"]}]},{"@type":"BreadcrumbList","@id":"https:\/\/foxiot.siteup.dev\/contato\/#breadcrumb","itemListElement":[{"@type":"ListItem","position":1,"name":"Home","item":"https:\/\/foxiot.siteup.dev\/"},{"@type":"ListItem","position":2,"name":"Contato"}]},{"@type":"WebSite","@id":"https:\/\/foxiot.siteup.dev\/#website","url":"https:\/\/foxiot.siteup.dev\/","name":"Fox Internet of Things","description":"Internet of Things","potentialAction":[{"@type":"SearchAction","target":{"@type":"EntryPoint","urlTemplate":"https:\/\/foxiot.siteup.dev\/?s={search_term_string}"},"query-input":"required name=search_term_string"}],"inLanguage":"es"}]}},"_links":{"self":[{"href":"https:\/\/foxiot.siteup.dev\/es\/wp-json\/wp\/v2\/pages\/265"}],"collection":[{"href":"https:\/\/foxiot.siteup.dev\/es\/wp-json\/wp\/v2\/pages"}],"about":[{"href":"https:\/\/foxiot.siteup.dev\/es\/wp-json\/wp\/v2\/types\/page"}],"author":[{"embeddable":true,"href":"https:\/\/foxiot.siteup.dev\/es\/wp-json\/wp\/v2\/users\/19"}],"replies":[{"embeddable":true,"href":"https:\/\/foxiot.siteup.dev\/es\/wp-json\/wp\/v2\/comments?post=265"}],"version-history":[{"count":40,"href":"https:\/\/foxiot.siteup.dev\/es\/wp-json\/wp\/v2\/pages\/265\/revisions"}],"predecessor-version":[{"id":1054,"href":"https:\/\/foxiot.siteup.dev\/es\/wp-json\/wp\/v2\/pages\/265\/revisions\/1054"}],"wp:attachment":[{"href":"https:\/\/foxiot.siteup.dev\/es\/wp-json\/wp\/v2\/media?parent=265"}],"curies":[{"name":"wp","href":"https:\/\/api.w.org\/{rel}","templated":true}]}}